{"id":1483,"date":"2019-10-16T16:13:12","date_gmt":"2019-10-16T16:13:12","guid":{"rendered":"https:\/\/the7.io\/company\/?page_id=1483"},"modified":"2021-10-26T11:08:31","modified_gmt":"2021-10-26T09:08:31","slug":"kontakt","status":"publish","type":"page","link":"https:\/\/tandem-bewo.de\/index.php\/kontakt\/","title":{"rendered":"Kontakt"},"content":{"rendered":"<p>[vc_row][vc_column css=&#8220;.vc_custom_1630586432657{padding-top: 50px !important;padding-bottom: 50px !important;}&#8220;]\n<div class=\"wpcf7 no-js\" id=\"wpcf7-f15290-o1\" lang=\"en-GB\" dir=\"ltr\" data-wpcf7-id=\"15290\">\n<div class=\"screen-reader-response\"><p role=\"status\" aria-live=\"polite\" aria-atomic=\"true\"><\/p> <ul><\/ul><\/div>\n<form action=\"\/index.php\/wp-json\/wp\/v2\/pages\/1483#wpcf7-f15290-o1\" method=\"post\" class=\"wpcf7-form init\" aria-label=\"Kontaktformular\" novalidate=\"novalidate\" data-status=\"init\">\n<fieldset class=\"hidden-fields-container\"><input type=\"hidden\" name=\"_wpcf7\" value=\"15290\" \/><input type=\"hidden\" name=\"_wpcf7_version\" value=\"6.1.5\" \/><input type=\"hidden\" name=\"_wpcf7_locale\" value=\"en_GB\" \/><input type=\"hidden\" name=\"_wpcf7_unit_tag\" value=\"wpcf7-f15290-o1\" \/><input type=\"hidden\" name=\"_wpcf7_container_post\" value=\"0\" \/><input type=\"hidden\" name=\"_wpcf7_posted_data_hash\" value=\"\" \/><input type=\"hidden\" name=\"_wpcf7_recaptcha_response\" value=\"\" \/>\n<\/fieldset>\n<p>Ihr Name (erforderlich)\n<\/p>\n<p><span class=\"wpcf7-form-control-wrap\" data-name=\"your-name\"><input size=\"40\" maxlength=\"400\" class=\"wpcf7-form-control wpcf7-text wpcf7-validates-as-required\" aria-required=\"true\" aria-invalid=\"false\" value=\"\" type=\"text\" name=\"your-name\" \/><\/span>\n<\/p>\n<p>Ihre Email Adresse (erforderlich)\n<\/p>\n<p><span class=\"wpcf7-form-control-wrap\" data-name=\"your-email\"><input size=\"40\" maxlength=\"400\" class=\"wpcf7-form-control wpcf7-email wpcf7-validates-as-required wpcf7-text wpcf7-validates-as-email\" aria-required=\"true\" aria-invalid=\"false\" value=\"\" type=\"email\" name=\"your-email\" \/><\/span>\n<\/p>\n<p>Ihre Telefonnummer\n<\/p>\n<p><span class=\"wpcf7-form-control-wrap\" data-name=\"tel\"><input size=\"40\" maxlength=\"400\" class=\"wpcf7-form-control wpcf7-text wpcf7-validates-as-required\" aria-required=\"true\" aria-invalid=\"false\" value=\"\" type=\"text\" name=\"tel\" \/><\/span>\n<\/p>\n<p>Betreff\n<\/p>\n<p><span class=\"wpcf7-form-control-wrap\" data-name=\"your-subject\"><input size=\"40\" maxlength=\"400\" class=\"wpcf7-form-control wpcf7-text\" aria-invalid=\"false\" value=\"\" type=\"text\" name=\"your-subject\" \/><\/span>\n<\/p>\n<p>Ihre Nachricht\n<\/p>\n<p><span class=\"wpcf7-form-control-wrap\" data-name=\"your-message\"><textarea cols=\"40\" rows=\"10\" maxlength=\"2000\" class=\"wpcf7-form-control wpcf7-textarea\" aria-invalid=\"false\" name=\"your-message\"><\/textarea><\/span>\n<\/p>\n<p><input class=\"wpcf7-form-control wpcf7-submit has-spinner\" type=\"submit\" value=\"Senden\" \/>\n<\/p><div class=\"wpcf7-response-output\" aria-hidden=\"true\"><\/div>\n<\/form>\n<\/div>\n[\/vc_column][\/vc_row][vc_row][vc_column css=&#8220;.vc_custom_1630586396751{padding-bottom: 50px !important;}&#8220;][vc_row_inner][vc_column_inner width=&#8220;1\/2&#8243;]<div id=\"ultimate-heading-887469ff245a85ecd\" class=\"uvc-heading ult-adjust-bottom-margin ultimate-heading-887469ff245a85ecd uvc-1126 \" data-hspacer=\"no_spacer\"  data-halign=\"left\" style=\"text-align:left\"><div class=\"uvc-heading-spacer no_spacer\" style=\"top\"><\/div><div class=\"uvc-main-heading ult-responsive\"  data-ultimate-target='.uvc-heading.ultimate-heading-887469ff245a85ecd h2'  data-responsive-json-new='{\"font-size\":\"desktop:34px;\",\"line-height\":\"desktop:44px;\"}' ><h2 style=\"font-weight:bold;color:#164784;\">So finden Sie uns<\/h2><\/div><\/div>[vc_column_text]Unser B\u00fcro\u00a0befindet sich zentral in Bonn-Beuel in direkter N\u00e4he zum Beueler Rathaus in der Innenstadt. In ca. 10 Minuten Fu\u00dfweg vom Beueler Bahnhof erreichen Sie uns. Bus -Haltestelle: Konrad-Adenauer-Platz, Stra\u00dfenbahnhaltestelle: Beueler Rathaus, Linien 62, 65, 66.<\/p>\n<p>Adresse:<\/p>\n<p>Tandem GmbH<\/p>\n<p>Friedrich-Breuer-Str. 74<br \/>\n53225 Bonn<\/p>\n<p>Tel.: +49 228 &#8211; 41 03 29 08<\/p>\n<p>Mail: kontakt(at)tandem-bewo.de[\/vc_column_text][\/vc_column_inner][vc_column_inner width=&#8220;1\/2&#8243;][vc_gmaps link=&#8220;#E-8_JTNDaWZyYW1lJTIwc3JjJTNEJTIyaHR0cHMlM0ElMkYlMkZ3d3cuZ29vZ2xlLmNvbSUyRm1hcHMlMkZlbWJlZCUzRnBiJTNEJTIxMW0xOCUyMTFtMTIlMjExbTMlMjExZDI1MjQuOTQ4OTQ2MjY4MjYxJTIxMmQ3LjExOTI2NjUxNjI5OTYzNCUyMTNkNTAuNzM5NDM1Nzc0Mzc5ODElMjEybTMlMjExZjAlMjEyZjAlMjEzZjAlMjEzbTIlMjExaTEwMjQlMjEyaTc2OCUyMTRmMTMuMSUyMTNtMyUyMTFtMiUyMTFzMHg0N2JlZTExMTE5YTBkYzUzJTI1M0EweDZhZmMzZDEyNzBjNjVkNjAlMjEyc0ZyaWVkcmljaC1CcmV1ZXItU3RyYSUyNUMzJTI1OUZlJTI1MjA3NCUyNTJDJTI1MjA1MzIyNSUyNTIwQm9ubiUyMTVlMCUyMTNtMiUyMTFzZGUlMjEyc2RlJTIxNHYxNjMwNTg2MzI4NTM1JTIxNW0yJTIxMXNkZSUyMTJzZGUlMjIlMjB3aWR0aCUzRCUyMjYwMCUyMiUyMGhlaWdodCUzRCUyMjQ1MCUyMiUyMHN0eWxlJTNEJTIyYm9yZGVyJTNBMCUzQiUyMiUyMGFsbG93ZnVsbHNjcmVlbiUzRCUyMiUyMiUyMGxvYWRpbmclM0QlMjJsYXp5JTIyJTNFJTNDJTJGaWZyYW1lJTNF&#8220;][\/vc_column_inner][\/vc_row_inner][\/vc_column][\/vc_row]<\/p>\n","protected":false},"excerpt":{"rendered":"<p>[vc_row][vc_column css=&#8220;.vc_custom_1630586432657{padding-top: 50px !important;padding-bottom: 50px !important;}&#8220;][\/vc_column][\/vc_row][vc_row][vc_column css=&#8220;.vc_custom_1630586396751{padding-bottom: 50px !important;}&#8220;][vc_row_inner][vc_column_inner width=&#8220;1\/2&#8243;][vc_column_text]Unser B\u00fcro\u00a0befindet sich zentral in Bonn-Beuel in direkter N\u00e4he zum Beueler Rathaus in der Innenstadt. In ca. 10 Minuten Fu\u00dfweg vom Beueler Bahnhof erreichen Sie uns. Bus -Haltestelle: Konrad-Adenauer-Platz, Stra\u00dfenbahnhaltestelle: Beueler Rathaus, Linien 62, 65, 66. Adresse: Tandem GmbH Friedrich-Breuer-Str. 74 53225 Bonn Tel.: +49 228&hellip;<\/p>\n","protected":false},"author":1,"featured_media":0,"parent":0,"menu_order":20,"comment_status":"closed","ping_status":"closed","template":"","meta":{"footnotes":""},"class_list":["post-1483","page","type-page","status-publish","hentry","description-off"],"_links":{"self":[{"href":"https:\/\/tandem-bewo.de\/index.php\/wp-json\/wp\/v2\/pages\/1483","targetHints":{"allow":["GET"]}}],"collection":[{"href":"https:\/\/tandem-bewo.de\/index.php\/wp-json\/wp\/v2\/pages"}],"about":[{"href":"https:\/\/tandem-bewo.de\/index.php\/wp-json\/wp\/v2\/types\/page"}],"author":[{"embeddable":true,"href":"https:\/\/tandem-bewo.de\/index.php\/wp-json\/wp\/v2\/users\/1"}],"replies":[{"embeddable":true,"href":"https:\/\/tandem-bewo.de\/index.php\/wp-json\/wp\/v2\/comments?post=1483"}],"version-history":[{"count":15,"href":"https:\/\/tandem-bewo.de\/index.php\/wp-json\/wp\/v2\/pages\/1483\/revisions"}],"predecessor-version":[{"id":15647,"href":"https:\/\/tandem-bewo.de\/index.php\/wp-json\/wp\/v2\/pages\/1483\/revisions\/15647"}],"wp:attachment":[{"href":"https:\/\/tandem-bewo.de\/index.php\/wp-json\/wp\/v2\/media?parent=1483"}],"curies":[{"name":"wp","href":"https:\/\/api.w.org\/{rel}","templated":true}]}}